{"id":2420,"date":"2026-05-09T18:23:20","date_gmt":"2026-05-09T21:23:20","guid":{"rendered":"https:\/\/uruguaymascotassanas.uy\/?post_type=product&#038;p=2420"},"modified":"2026-05-09T18:23:20","modified_gmt":"2026-05-09T21:23:20","slug":"natural-dog-premium-adulto","status":"publish","type":"product","link":"https:\/\/uruguaymascotassanas.uy\/es_uy\/product\/natural-dog-premium-adulto\/","title":{"rendered":"Alimento Seco Natural Dog Premium para Perro Adulto de Carne 22 kg"},"content":{"rendered":"<p>Comida Perro Natural Dog Adulto 22kg es la opci\u00f3n ideal para mantener a tu perro adulto bien alimentado y saludable. Con un contenido de prote\u00edna bruta del 24%, esta f\u00f3rmula est\u00e1 dise\u00f1ada para satisfacer las necesidades nutricionales de perros de raza mediana. Su delicioso sabor a carne, elaborado con harina de carne de alta calidad, asegura que tu mascota disfrute cada bocado. Adem\u00e1s, su presentaci\u00f3n en bolsa de 22 kg garantiza una alimentaci\u00f3n prolongada. Este producto pertenece a la l\u00ednea Premium de Nutrapet, fabricado por Erro, y es una comida seca que contribuye a la salud oral de tu perro. Con dimensiones de 76 cm de altura, 15 cm de largo y 45 cm de ancho, es f\u00e1cil de almacenar y manejar. Proporciona a tu fiel compa\u00f1ero una dieta equilibrada y nutritiva que lo mantendr\u00e1 activo y feliz.<\/p>","protected":false},"excerpt":{"rendered":"<div class=\"ui-pdp-container__row ui-pdp-container__row--highlighted-features-title\">\n<h2 class=\"ui-vpp-text-alignment--left ui-pdp-color--BLACK ui-pdp-size--XSMALL ui-pdp-family--SEMIBOLD highlighted-features-title\">Lo que tienes que saber de este producto<\/h2>\n<\/div>\n<div class=\"ui-pdp-container__row ui-pdp-container__row--highlighted-features\">\n<div class=\"ui-vpp-highlighted-specs__features\">\n<ul class=\"ui-vpp-highlighted-specs__features-list\">\n<li class=\"ui-vpp-highlighted-specs__features-list-item ui-pdp-color--BLACK ui-pdp-size--XSMALL ui-pdp-family--REGULAR\">Peso neto: 22 kg.<\/li>\n<li class=\"ui-vpp-highlighted-specs__features-list-item ui-pdp-color--BLACK ui-pdp-size--XSMALL ui-pdp-family--REGULAR\">Unidades por pack: 1.<\/li>\n<li class=\"ui-vpp-highlighted-specs__features-list-item ui-pdp-color--BLACK ui-pdp-size--XSMALL ui-pdp-family--REGULAR\">Sabor: Carne.<\/li>\n<li class=\"ui-vpp-highlighted-specs__features-list-item ui-pdp-color--BLACK ui-pdp-size--XSMALL ui-pdp-family--REGULAR\">Prote\u00edna bruta del 24 % para una nutrici\u00f3n completa de tu perro adulto.<\/li>\n<li class=\"ui-vpp-highlighted-specs__features-list-item ui-pdp-color--BLACK ui-pdp-size--XSMALL ui-pdp-family--REGULAR\">Protector de la salud oral para dientes m\u00e1s sanos.<\/li>\n<li class=\"ui-vpp-highlighted-specs__features-list-item ui-pdp-color--BLACK ui-pdp-size--XSMALL ui-pdp-family--REGULAR\">Rico en minerales y vitaminas para fortalecer el sistema inmunol\u00f3gico.<\/li>\n<li class=\"ui-vpp-highlighted-specs__features-list-item ui-pdp-color--BLACK ui-pdp-size--XSMALL ui-pdp-family--REGULAR\">Ingredientes de carne de pollo de alto valor biol\u00f3gico.<\/li>\n<li>\n<div class=\"ui-pdp-container__row ui-pdp-container__row--highlighted-specs-title\">\n<h2 class=\"ui-vpp-text-alignment--left ui-pdp-color--BLACK ui-pdp-size--XLARGE ui-pdp-family--REGULAR highlighted-specs-title\">Caracter\u00edsticas del producto<\/h2>\n<\/div>\n<div class=\"ui-pdp-container__row ui-pdp-container__row--technical-specifications\">\n<div class=\"ui-pdp-collapsable ui-vpp-highlighted-specs__striped-collapsed__action\">\n<div class=\"ui-pdp-collapsable__container\">\n<div class=\"ui-vpp-highlighted-specs__striped-specs\">\n<div class=\"ui-vpp-striped-specs\">\n<div class=\"ui-vpp-striped-specs__table\">\n<h3 class=\"ui-vpp-striped-specs__header\">Caracter\u00edsticas principales<\/h3>\n<table class=\"andes-table\">\n<tbody class=\"andes-table__body\">\n<tr class=\"andes-table__row ui-vpp-striped-specs__row\">\n<th class=\"andes-table__header andes-table__header--left ui-vpp-striped-specs__row__column ui-vpp-striped-specs__row__column--id\" scope=\"row\">\n<div class=\"andes-table__header__container\">Fabricante<\/div>\n<\/th>\n<td id=\"_R_kjole8l69tb6e_\" class=\"andes-table__column andes-table__column--left andes-table__column--vertical-align-center ui-vpp-striped-specs__row__column\"><span id=\"_R_kjole8l69tb6e_-value\" class=\"andes-table__column--value\">Nutrapet<\/span><\/td>\n<\/tr>\n<tr class=\"andes-table__row ui-vpp-striped-specs__row\">\n<th class=\"andes-table__header andes-table__header--left ui-vpp-striped-specs__row__column ui-vpp-striped-specs__row__column--id\" scope=\"row\">\n<div class=\"andes-table__header__container\">Marca<\/div>\n<\/th>\n<td id=\"_R_klole8l69tb6e_\" class=\"andes-table__column andes-table__column--left andes-table__column--vertical-align-center ui-vpp-striped-specs__row__column\"><span id=\"_R_klole8l69tb6e_-value\" class=\"andes-table__column--value\">Natural Dog<\/span><\/td>\n<\/tr>\n<tr class=\"andes-table__row ui-vpp-striped-specs__row\">\n<th class=\"andes-table__header andes-table__header--left ui-vpp-striped-specs__row__column ui-vpp-striped-specs__row__column--id\" scope=\"row\">\n<div class=\"andes-table__header__container\">L\u00ednea<\/div>\n<\/th>\n<td id=\"_R_knole8l69tb6e_\" class=\"andes-table__column andes-table__column--left andes-table__column--vertical-align-center ui-vpp-striped-specs__row__column\"><span id=\"_R_knole8l69tb6e_-value\" class=\"andes-table__column--value\">Premium<\/span><\/td>\n<\/tr>\n<tr class=\"andes-table__row ui-vpp-striped-specs__row\">\n<th class=\"andes-table__header andes-table__header--left ui-vpp-striped-specs__row__column ui-vpp-striped-specs__row__column--id\" scope=\"row\">\n<div class=\"andes-table__header__container\">Nombre<\/div>\n<\/th>\n<td id=\"_R_kpole8l69tb6e_\" class=\"andes-table__column andes-table__column--left andes-table__column--vertical-align-center ui-vpp-striped-specs__row__column\"><span id=\"_R_kpole8l69tb6e_-value\" class=\"andes-table__column--value\">natural dog premium adulto<\/span><\/td>\n<\/tr>\n<\/tbody>\n<\/table>\n<\/div>\n<div class=\"ui-vpp-striped-specs__table\">\n<h3 class=\"ui-vpp-striped-specs__header\">Caracter\u00edsticas de venta<\/h3>\n<table class=\"andes-table\">\n<tbody class=\"andes-table__body\">\n<tr class=\"andes-table__row ui-vpp-striped-specs__row\">\n<th class=\"andes-table__header andes-table__header--left ui-vpp-striped-specs__row__column ui-vpp-striped-specs__row__column--id\" scope=\"row\">\n<div class=\"andes-table__header__container\">Formato de venta<\/div>\n<\/th>\n<td id=\"_R_57p5e8l69tb6e_\" class=\"andes-table__column andes-table__column--left andes-table__column--vertical-align-center ui-vpp-striped-specs__row__column\"><span id=\"_R_57p5e8l69tb6e_-value\" class=\"andes-table__column--value\">Unidad<\/span><\/td>\n<\/tr>\n<\/tbody>\n<\/table>\n<\/div>\n<div class=\"ui-vpp-striped-specs__table\">\n<h3 class=\"ui-vpp-striped-specs__header\">Peso<\/h3>\n<table class=\"andes-table\">\n<tbody class=\"andes-table__body\">\n<tr class=\"andes-table__row ui-vpp-striped-specs__row\">\n<th class=\"andes-table__header andes-table__header--left ui-vpp-striped-specs__row__column ui-vpp-striped-specs__row__column--id\" scope=\"row\">\n<div class=\"andes-table__header__container\">Peso neto<\/div>\n<\/th>\n<td id=\"_R_abple8l69tb6e_\" class=\"andes-table__column andes-table__column--left andes-table__column--vertical-align-center ui-vpp-striped-specs__row__column\"><span id=\"_R_abple8l69tb6e_-value\" class=\"andes-table__column--value\">22 kg<\/span><\/td>\n<\/tr>\n<tr class=\"andes-table__row ui-vpp-striped-specs__row\">\n<th class=\"andes-table__header andes-table__header--left ui-vpp-striped-specs__row__column ui-vpp-striped-specs__row__column--id\" scope=\"row\">\n<div class=\"andes-table__header__container\">Peso de la unidad<\/div>\n<\/th>\n<td id=\"_R_adple8l69tb6e_\" class=\"andes-table__column andes-table__column--left andes-table__column--vertical-align-center ui-vpp-striped-specs__row__column\"><span id=\"_R_adple8l69tb6e_-value\" class=\"andes-table__column--value\">22 kg<\/span><\/td>\n<\/tr>\n<\/tbody>\n<\/table>\n<\/div>\n<div class=\"ui-vpp-striped-specs__table\">\n<h3 class=\"ui-vpp-striped-specs__header\">Otros<\/h3>\n<table class=\"andes-table\">\n<tbody class=\"andes-table__body\">\n<tr class=\"andes-table__row ui-vpp-striped-specs__row\">\n<th class=\"andes-table__header andes-table__header--left ui-vpp-striped-specs__row__column ui-vpp-striped-specs__row__column--id\" scope=\"row\">\n<div class=\"andes-table__header__container\">Porcentaje de prote\u00edna bruta<\/div>\n<\/th>\n<td id=\"_R_abq5e8l69tb6e_\" class=\"andes-table__column andes-table__column--left andes-table__column--vertical-align-center ui-vpp-striped-specs__row__column\"><span id=\"_R_abq5e8l69tb6e_-value\" class=\"andes-table__column--value\">24 %<\/span><\/td>\n<\/tr>\n<tr class=\"andes-table__row ui-vpp-striped-specs__row\">\n<th class=\"andes-table__header andes-table__header--left ui-vpp-striped-specs__row__column ui-vpp-striped-specs__row__column--id\" scope=\"row\">\n<div class=\"andes-table__header__container\">Necesidades especiales<\/div>\n<\/th>\n<td id=\"_R_adq5e8l69tb6e_\" class=\"andes-table__column andes-table__column--left andes-table__column--vertical-align-center ui-vpp-striped-specs__row__column\"><span id=\"_R_adq5e8l69tb6e_-value\" class=\"andes-table__column--value\">Nervioso, Circulatorio, Epitelial, \u00d3seo, digestivo, Inmunol\u00f3gico<\/span><\/td>\n<\/tr>\n<tr class=\"andes-table__row ui-vpp-striped-specs__row\">\n<th class=\"andes-table__header andes-table__header--left ui-vpp-striped-specs__row__column ui-vpp-striped-specs__row__column--id\" scope=\"row\">\n<div class=\"andes-table__header__container\">Aporte de nutrientes<\/div>\n<\/th>\n<td id=\"_R_afq5e8l69tb6e_\" class=\"andes-table__column andes-table__column--left andes-table__column--vertical-align-center ui-vpp-striped-specs__row__column\"><span id=\"_R_afq5e8l69tb6e_-value\" class=\"andes-table__column--value\">Omega 3, Omega 6, Omega 9<\/span><\/p>\n<style id=\"wpforms-css-vars-1332\">\n\t\t\t\t#wpforms-1332 {<\/p>\n<p>\t\t\t}\n\t\t\t<\/style>\n<div class=\"wpforms-container wpforms-container-full wpforms-render-modern\" id=\"wpforms-1332\">\n<form id=\"wpforms-form-1332\" class=\"wpforms-validate wpforms-form wpforms-ajax-form\" data-formid=\"1332\" method=\"post\" enctype=\"multipart\/form-data\" action=\"\/es_uy\/wp-json\/wp\/v2\/product\/2420\" data-token=\"325d9e9042486fa7a4b22cea3726591c\" data-token-time=\"1778603726\">\n<div class=\"wpforms-head-container\">\n<div class=\"wpforms-title\">Mi Mascota Sana y Segura<\/div>\n<\/div>\n<p><noscript class=\"wpforms-error-noscript\">Please enable JavaScript in your browser to complete this form.<\/noscript><\/p>\n<div id=\"wpforms-error-noscript\" style=\"display: none;\">Please enable JavaScript in your browser to complete this form.<\/div>\n<div class=\"wpforms-field-container\">\n<div id=\"wpforms-1332-field_3-container\" class=\"wpforms-field wpforms-field-name\" data-field-id=\"3\"><label class=\"wpforms-field-label\" for=\"wpforms-1332-field_3\">Nombre <span class=\"wpforms-required-label\" aria-hidden=\"true\">*<\/span><\/label><input type=\"text\" id=\"wpforms-1332-field_3\" class=\"wpforms-field-medium wpforms-field-required\" name=\"wpforms[fields][3]\" aria-errormessage=\"wpforms-1332-field_3-error\" aria-describedby=\"wpforms-1332-field_3-description\" required><\/p>\n<div id=\"wpforms-1332-field_3-description\" class=\"wpforms-field-description\">Cual es el nombre o apodo por el cual responde su Mascota. <\/div>\n<\/div>\n<div id=\"wpforms-1332-field_1-container\" class=\"wpforms-field wpforms-field-select wpforms-field-select-style-classic\" data-field-id=\"1\"><label class=\"wpforms-field-label\" for=\"wpforms-1332-field_1\">Mascota <span class=\"wpforms-required-label\" aria-hidden=\"true\">*<\/span><\/label><select id=\"wpforms-1332-field_1\" class=\"wpforms-field-medium wpforms-field-required\" name=\"wpforms[fields][1]\" required=\"required\"><option value=\"Perro\"  class=\"choice-1 depth-1\"  >Perro<\/option><option value=\"Gato\"  class=\"choice-2 depth-1\"  >Gato<\/option><\/select><\/p>\n<div id=\"wpforms-1332-field_1-description\" class=\"wpforms-field-description\">Defina si su Mascota es Perro o Gato<\/div>\n<\/div>\n<div id=\"wpforms-1332-field_2-container\" class=\"wpforms-field wpforms-field-number\" data-field-id=\"2\"><label class=\"wpforms-field-label\" for=\"wpforms-1332-field_2\">Edad <span class=\"wpforms-required-label\" aria-hidden=\"true\">*<\/span><\/label><input type=\"number\" id=\"wpforms-1332-field_2\" class=\"wpforms-field-medium wpforms-field-required\" name=\"wpforms[fields][2]\" step=\"any\" aria-errormessage=\"wpforms-1332-field_2-error\" aria-describedby=\"wpforms-1332-field_2-description\" required><\/p>\n<div id=\"wpforms-1332-field_2-description\" class=\"wpforms-field-description\">Defina que edad tiene su Mascota. si tiene meses escriba 06 por ejemplo. <\/div>\n<\/div>\n<div id=\"wpforms-1332-field_6-container\" class=\"wpforms-field wpforms-field-radio\" data-field-id=\"6\">\n<fieldset>\n<legend class=\"wpforms-field-label\">Opciones m\u00faltiples <span class=\"wpforms-required-label\" aria-hidden=\"true\">*<\/span><\/legend>\n<ul id=\"wpforms-1332-field_6\" class=\"wpforms-field-required\">\n<li class=\"choice-1 depth-1\"><input type=\"radio\" id=\"wpforms-1332-field_6_1\" name=\"wpforms[fields][6]\" value=\"Ya es socio\/a de una Veterinaria\" aria-errormessage=\"wpforms-1332-field_6_1-error\" aria-describedby=\"wpforms-1332-field_6-description\" required ><label class=\"wpforms-field-label-inline\" for=\"wpforms-1332-field_6_1\">Ya es socio\/a de una Veterinaria<\/label><\/li>\n<li class=\"choice-2 depth-1\"><input type=\"radio\" id=\"wpforms-1332-field_6_2\" name=\"wpforms[fields][6]\" value=\"Necesita una Veterinaria\" aria-errormessage=\"wpforms-1332-field_6_2-error\" aria-describedby=\"wpforms-1332-field_6-description\" required ><label class=\"wpforms-field-label-inline\" for=\"wpforms-1332-field_6_2\">Necesita una Veterinaria<\/label><\/li>\n<li class=\"choice-3 depth-1\"><input type=\"radio\" id=\"wpforms-1332-field_6_3\" name=\"wpforms[fields][6]\" value=\"Prefiere las consultas por WhatsApp Teleasistencia\" aria-errormessage=\"wpforms-1332-field_6_3-error\" aria-describedby=\"wpforms-1332-field_6-description\" required ><label class=\"wpforms-field-label-inline\" for=\"wpforms-1332-field_6_3\">Prefiere las consultas por WhatsApp Teleasistencia<\/label><\/li>\n<\/ul>\n<div id=\"wpforms-1332-field_6-description\" class=\"wpforms-field-description\">Su Respuesta es muy importante para aplicar todos los cuidados necesarios; para que Ud., y su Mascota est\u00e9n protegidos y seguros. <\/div>\n<\/fieldset>\n<\/div>\n<div id=\"wpforms-1332-field_8-container\" class=\"wpforms-field wpforms-field-number\" data-field-id=\"8\"><label class=\"wpforms-field-label\" for=\"wpforms-1332-field_8\">Su Telefono &#8211; Celular <span class=\"wpforms-required-label\" aria-hidden=\"true\">*<\/span><\/label><input type=\"number\" id=\"wpforms-1332-field_8\" class=\"wpforms-field-medium wpforms-field-required\" name=\"wpforms[fields][8]\" step=\"any\" aria-errormessage=\"wpforms-1332-field_8-error\" aria-describedby=\"wpforms-1332-field_8-description\" required><\/p>\n<div id=\"wpforms-1332-field_8-description\" class=\"wpforms-field-description\">Su telefono o celular ( no ser\u00e1 utilizado para enviar o llamar por publicidad.)  Solo en caso que Ud. lo solicite un Agente se comunicar\u00e1 con Ud. por cualquier duda.\n<\/div>\n<\/div>\n<div id=\"wpforms-1332-field_7-container\" class=\"wpforms-field wpforms-field-text\" data-field-id=\"7\"><label class=\"wpforms-field-label\" for=\"wpforms-1332-field_7\">Si ya tiene una Veterinaria a la que concurre escriba su Nombre  y su direcci\u00f3n, telefono o celular .<\/label><input type=\"text\" id=\"wpforms-1332-field_7\" class=\"wpforms-field-medium\" name=\"wpforms[fields][7]\" aria-errormessage=\"wpforms-1332-field_7-error\" aria-describedby=\"wpforms-1332-field_7-description\" ><\/p>\n<div id=\"wpforms-1332-field_7-description\" class=\"wpforms-field-description\">La direcci\u00f3n de la Veterinaria a la que ya es atendida su Mascota es muy importante. Si es socio o solo concurre para comprar Alimentos  o hacer consultas eventuales.<\/div>\n<\/div>\n<\/div>\n<p><!-- .wpforms-field-container --><\/p>\n<div class=\"wpforms-submit-container\" ><input type=\"hidden\" name=\"wpforms[id]\" value=\"1332\"><input type=\"hidden\" name=\"page_title\" value=\"\"><input type=\"hidden\" name=\"page_url\" value=\"https:\/\/uruguaymascotassanas.uy\/es_uy\/wp-json\/wp\/v2\/product\/2420\"><input type=\"hidden\" name=\"url_referer\" value=\"\"><button type=\"submit\" name=\"wpforms[submit]\" id=\"wpforms-submit-1332\" class=\"wpforms-submit\" data-alt-text=\"Enviando...\" data-submit-text=\"Enviar\" aria-live=\"assertive\" value=\"wpforms-submit\">Enviar<\/button><img decoding=\"async\" src=\"https:\/\/uruguaymascotassanas.uy\/wp-content\/plugins\/wpforms-lite\/assets\/images\/submit-spin.svg\" class=\"wpforms-submit-spinner\" style=\"display: none;\" width=\"26\" height=\"26\" alt=\"Loading\"><\/div>\n<\/form>\n<\/div>\n<p>  <!-- .wpforms-container --><\/td>\n<\/tr>\n<\/tbody>\n<\/table>\n<\/div>\n<\/div>\n<\/div>\n<\/div>\n<\/div>\n<\/div>\n<\/li>\n<\/ul>\n<\/div>\n<\/div>\n","protected":false},"featured_media":2421,"comment_status":"open","ping_status":"closed","template":"","meta":{"_uf_show_specific_survey":0,"_uf_disable_surveys":false,"jetpack_publicize_message":"","jetpack_publicize_feature_enabled":true,"jetpack_social_post_already_shared":true,"jetpack_social_options":{"image_generator_settings":{"template":"highway","default_image_id":0,"font":"","enabled":false},"version":2}},"product_brand":[218,172],"product_cat":[65,17,108,176],"product_tag":[],"class_list":{"0":"post-2420","1":"product","2":"type-product","3":"status-publish","4":"has-post-thumbnail","6":"product_brand-natural-dog","7":"product_brand-nutrican","8":"product_cat-adulto","9":"product_cat-alimentnos","10":"product_cat-perro","11":"product_cat-premium-2","12":"product_shipping_class-evvios-por-empresas","14":"first","15":"instock","16":"sale","17":"shipping-taxable","18":"purchasable","19":"product-type-simple"},"jetpack_publicize_connections":[],"jetpack_sharing_enabled":true,"jetpack_likes_enabled":true,"_links":{"self":[{"href":"https:\/\/uruguaymascotassanas.uy\/es_uy\/wp-json\/wp\/v2\/product\/2420","targetHints":{"allow":["GET"]}}],"collection":[{"href":"https:\/\/uruguaymascotassanas.uy\/es_uy\/wp-json\/wp\/v2\/product"}],"about":[{"href":"https:\/\/uruguaymascotassanas.uy\/es_uy\/wp-json\/wp\/v2\/types\/product"}],"replies":[{"embeddable":true,"href":"https:\/\/uruguaymascotassanas.uy\/es_uy\/wp-json\/wp\/v2\/comments?post=2420"}],"wp:featuredmedia":[{"embeddable":true,"href":"https:\/\/uruguaymascotassanas.uy\/es_uy\/wp-json\/wp\/v2\/media\/2421"}],"wp:attachment":[{"href":"https:\/\/uruguaymascotassanas.uy\/es_uy\/wp-json\/wp\/v2\/media?parent=2420"}],"wp:term":[{"taxonomy":"product_brand","embeddable":true,"href":"https:\/\/uruguaymascotassanas.uy\/es_uy\/wp-json\/wp\/v2\/product_brand?post=2420"},{"taxonomy":"product_cat","embeddable":true,"href":"https:\/\/uruguaymascotassanas.uy\/es_uy\/wp-json\/wp\/v2\/product_cat?post=2420"},{"taxonomy":"product_tag","embeddable":true,"href":"https:\/\/uruguaymascotassanas.uy\/es_uy\/wp-json\/wp\/v2\/product_tag?post=2420"}],"curies":[{"name":"wp","href":"https:\/\/api.w.org\/{rel}","templated":true}]}}