{"id":2417,"date":"2026-05-09T18:06:41","date_gmt":"2026-05-09T21:06:41","guid":{"rendered":"https:\/\/uruguaymascotassanas.uy\/?post_type=product&#038;p=2417"},"modified":"2026-05-09T18:06:42","modified_gmt":"2026-05-09T21:06:42","slug":"comida-perro-natural-dog-adulto-24kg","status":"publish","type":"product","link":"https:\/\/uruguaymascotassanas.uy\/es_uy\/product\/comida-perro-natural-dog-adulto-24kg\/","title":{"rendered":"Comida Perro Natural Dog Adulto 24kg"},"content":{"rendered":"<p>Los productos de la l\u00ednea Natural Dog son 100% completos y balanceados. Poseen todos los nutrientes que su mascota necesita para una vida prolongada y saludable. Son fabricados con normas de calidad e inocuidad alimentaria m\u00e1s exigentes, combinando los mejores ingredientes y un exquisito sabor. BENEFICIOS: Sistema digestivo: A trav\u00e9s del uso de sustancias protectoras y estimuladoras de las vellosidades intestinales, aumenta la absorci\u00f3n de nutrientes. Ayuda a combatir el colesterol malo (LDL), a trav\u00e9s de la combinaci\u00f3n de \u00e1cidos grasos Omega 3, 6 y 9. -Sistema circulatorio: Ayuda a mantener el aparato circulatorio libre de placas de grasas en las paredes arteriales. -Sistema Inmunol\u00f3gico: Por su aporte de Zinc, ayuda a mantener el aparato inmune en \u00f3ptima salud, actuando contra infecciones y acelerando la curaci\u00f3n de heridas. -Sistema \u00f3seo: El aporte de Condroit\u00edn que act\u00faa en la formaci\u00f3n de tejido conectivo, junto con una fuente de calcio y f\u00f3sforo altamente digestibles, confieren al animal de una estructura \u00f3sea fuerte y robusta. -Sistema epitelial: El aporte de Omega 3, 6 y 9, act\u00faa manteniendo la salud e integridad de la piel y el pelo, confiri\u00e9ndole una suavidad y brillo especial. -Sistema nervioso: Por su importante aporte de Tiamina, fortalece el sistema nervioso central, evitando trastornos neurol\u00f3gicos y alteraciones en la formaci\u00f3n de gl\u00f3bulos rojos.<\/p>\n<p>COMPOSICI\u00d3N:<\/p>\n<p>Prote\u00edna\u2026\u2026\u2026\u2026\u2026\u2026\u2026\u2026\u2026\u2026\u202624% m\u00ednimo<\/p>\n<p>Grasa\u2026\u2026\u2026\u2026\u2026\u2026\u2026\u2026\u2026\u2026.11% m\u00ednimo<\/p>\n<p>Humedad \u2026\u2026\u2026\u202611% m\u00e1ximo<\/p>\n<p>Minerales Totales \u2026\u2026\u2026\u2026\u2026..7,5 % m\u00e1ximo<\/p>\n<p>Calcio\u2026\u2026\u2026\u2026\u2026\u2026\u2026\u2026.1,6% m\u00e1ximo<\/p>\n<p>F\u00f3sforo \u2026\u2026\u2026\u2026\u2026\u2026\u2026\u2026\u20261,2% m\u00e1ximo.<\/p>","protected":false},"excerpt":{"rendered":"<div class=\"ui-vpp-striped-specs\">\n<div class=\"ui-vpp-striped-specs__table\">\n<h3 class=\"ui-vpp-striped-specs__header\">Caracter\u00edsticas principales<\/h3>\n<table class=\"andes-table\">\n<tbody class=\"andes-table__body\">\n<tr class=\"andes-table__row ui-vpp-striped-specs__row\">\n<th class=\"andes-table__header andes-table__header--left ui-vpp-striped-specs__row__column ui-vpp-striped-specs__row__column--id\" scope=\"row\">\n<div class=\"andes-table__header__container\">Fabricante<\/div>\n<\/th>\n<td id=\"_R_a9sle8l69tb6e_\" class=\"andes-table__column andes-table__column--left andes-table__column--vertical-align-center ui-vpp-striped-specs__row__column\"><span id=\"_R_a9sle8l69tb6e_-value\" class=\"andes-table__column--value\">Nutrapet<\/span><\/td>\n<\/tr>\n<tr class=\"andes-table__row ui-vpp-striped-specs__row\">\n<th class=\"andes-table__header andes-table__header--left ui-vpp-striped-specs__row__column ui-vpp-striped-specs__row__column--id\" scope=\"row\">\n<div class=\"andes-table__header__container\">Marca<\/div>\n<\/th>\n<td id=\"_R_aasle8l69tb6e_\" class=\"andes-table__column andes-table__column--left andes-table__column--vertical-align-center ui-vpp-striped-specs__row__column\"><span id=\"_R_aasle8l69tb6e_-value\" class=\"andes-table__column--value\">Natural Dog<\/span><\/td>\n<\/tr>\n<tr class=\"andes-table__row ui-vpp-striped-specs__row\">\n<th class=\"andes-table__header andes-table__header--left ui-vpp-striped-specs__row__column ui-vpp-striped-specs__row__column--id\" scope=\"row\">\n<div class=\"andes-table__header__container\">L\u00ednea<\/div>\n<\/th>\n<td id=\"_R_absle8l69tb6e_\" class=\"andes-table__column andes-table__column--left andes-table__column--vertical-align-center ui-vpp-striped-specs__row__column\"><span id=\"_R_absle8l69tb6e_-value\" class=\"andes-table__column--value\">Alimento para perros<\/span><\/td>\n<\/tr>\n<tr class=\"andes-table__row ui-vpp-striped-specs__row\">\n<th class=\"andes-table__header andes-table__header--left ui-vpp-striped-specs__row__column ui-vpp-striped-specs__row__column--id\" scope=\"row\">\n<div class=\"andes-table__header__container\">Nombre<\/div>\n<\/th>\n<td id=\"_R_acsle8l69tb6e_\" class=\"andes-table__column andes-table__column--left andes-table__column--vertical-align-center ui-vpp-striped-specs__row__column\"><span id=\"_R_acsle8l69tb6e_-value\" class=\"andes-table__column--value\">Natural Dog Adulto<\/span><\/td>\n<\/tr>\n<\/tbody>\n<\/table>\n<\/div>\n<div class=\"ui-vpp-striped-specs__table\">\n<h3 class=\"ui-vpp-striped-specs__header\">Caracter\u00edsticas de venta<\/h3>\n<table class=\"andes-table\">\n<tbody class=\"andes-table__body\">\n<tr class=\"andes-table__row ui-vpp-striped-specs__row\">\n<th class=\"andes-table__header andes-table__header--left ui-vpp-striped-specs__row__column ui-vpp-striped-specs__row__column--id\" scope=\"row\">\n<div class=\"andes-table__header__container\">Formato de venta<\/div>\n<\/th>\n<td id=\"_R_2jt5e8l69tb6e_\" class=\"andes-table__column andes-table__column--left andes-table__column--vertical-align-center ui-vpp-striped-specs__row__column\"><span id=\"_R_2jt5e8l69tb6e_-value\" class=\"andes-table__column--value\">Unidad<\/span><\/td>\n<\/tr>\n<\/tbody>\n<\/table>\n<\/div>\n<div class=\"ui-vpp-striped-specs__table\">\n<h3 class=\"ui-vpp-striped-specs__header\">Peso<\/h3>\n<table class=\"andes-table\">\n<tbody class=\"andes-table__body\">\n<tr class=\"andes-table__row ui-vpp-striped-specs__row\">\n<th class=\"andes-table__header andes-table__header--left ui-vpp-striped-specs__row__column ui-vpp-striped-specs__row__column--id\" scope=\"row\">\n<div class=\"andes-table__header__container\">Peso neto<\/div>\n<\/th>\n<td id=\"_R_55tle8l69tb6e_\" class=\"andes-table__column andes-table__column--left andes-table__column--vertical-align-center ui-vpp-striped-specs__row__column\"><span id=\"_R_55tle8l69tb6e_-value\" class=\"andes-table__column--value\">24 kg<\/span><\/td>\n<\/tr>\n<tr class=\"andes-table__row ui-vpp-striped-specs__row\">\n<th class=\"andes-table__header andes-table__header--left ui-vpp-striped-specs__row__column ui-vpp-striped-specs__row__column--id\" scope=\"row\">\n<div class=\"andes-table__header__container\">Peso de la unidad<\/div>\n<\/th>\n<td id=\"_R_56tle8l69tb6e_\" class=\"andes-table__column andes-table__column--left andes-table__column--vertical-align-center ui-vpp-striped-specs__row__column\"><span id=\"_R_56tle8l69tb6e_-value\" class=\"andes-table__column--value\">22 kg<\/span><\/td>\n<\/tr>\n<\/tbody>\n<\/table>\n<\/div>\n<\/div>\n<div class=\"ui-vpp-striped-specs\">\n<div class=\"ui-vpp-striped-specs__table\">\n<h3 class=\"ui-vpp-striped-specs__header\">Caracter\u00edsticas de la mascota<\/h3>\n<table class=\"andes-table\">\n<tbody class=\"andes-table__body\">\n<tr class=\"andes-table__row ui-vpp-striped-specs__row\">\n<th class=\"andes-table__header andes-table__header--left ui-vpp-striped-specs__row__column ui-vpp-striped-specs__row__column--id\" scope=\"row\">\n<div class=\"andes-table__header__container\">Mascota recomendada<\/div>\n<\/th>\n<td id=\"_R_55spe8l69tb6e_\" class=\"andes-table__column andes-table__column--left andes-table__column--vertical-align-center ui-vpp-striped-specs__row__column\"><span id=\"_R_55spe8l69tb6e_-value\" class=\"andes-table__column--value\">Perro<\/span><\/td>\n<\/tr>\n<tr class=\"andes-table__row ui-vpp-striped-specs__row\">\n<th class=\"andes-table__header andes-table__header--left ui-vpp-striped-specs__row__column ui-vpp-striped-specs__row__column--id\" scope=\"row\">\n<div class=\"andes-table__header__container\">Etapa de vida de la mascota<\/div>\n<\/th>\n<td id=\"_R_56spe8l69tb6e_\" class=\"andes-table__column andes-table__column--left andes-table__column--vertical-align-center ui-vpp-striped-specs__row__column\"><span id=\"_R_56spe8l69tb6e_-value\" class=\"andes-table__column--value\">Adulto<\/span><\/td>\n<\/tr>\n<tr class=\"andes-table__row ui-vpp-striped-specs__row\">\n<th class=\"andes-table__header andes-table__header--left ui-vpp-striped-specs__row__column ui-vpp-striped-specs__row__column--id\" scope=\"row\">\n<div class=\"andes-table__header__container\">Tama\u00f1o de la raza<\/div>\n<\/th>\n<td id=\"_R_57spe8l69tb6e_\" class=\"andes-table__column andes-table__column--left andes-table__column--vertical-align-center ui-vpp-striped-specs__row__column\"><span id=\"_R_57spe8l69tb6e_-value\" class=\"andes-table__column--value\">Todos los tama\u00f1os<\/span><\/td>\n<\/tr>\n<\/tbody>\n<\/table>\n<\/div>\n<div class=\"ui-vpp-striped-specs__table\">\n<h3 class=\"ui-vpp-striped-specs__header\">Especificaciones<\/h3>\n<table class=\"andes-table\">\n<tbody class=\"andes-table__body\">\n<tr class=\"andes-table__row ui-vpp-striped-specs__row\">\n<th class=\"andes-table__header andes-table__header--left ui-vpp-striped-specs__row__column ui-vpp-striped-specs__row__column--id\" scope=\"row\">\n<div class=\"andes-table__header__container\">Tipo de comida para mascotas<\/div>\n<\/th>\n<td id=\"_R_55t9e8l69tb6e_\" class=\"andes-table__column andes-table__column--left andes-table__column--vertical-align-center ui-vpp-striped-specs__row__column\"><span id=\"_R_55t9e8l69tb6e_-value\" class=\"andes-table__column--value\">Seca<\/span><\/td>\n<\/tr>\n<tr class=\"andes-table__row ui-vpp-striped-specs__row\">\n<th class=\"andes-table__header andes-table__header--left ui-vpp-striped-specs__row__column ui-vpp-striped-specs__row__column--id\" scope=\"row\">\n<div class=\"andes-table__header__container\">Es protector de la salud oral<\/div>\n<\/th>\n<td id=\"_R_56t9e8l69tb6e_\" class=\"andes-table__column andes-table__column--left andes-table__column--vertical-align-center ui-vpp-striped-specs__row__column\"><span id=\"_R_56t9e8l69tb6e_-value\" class=\"andes-table__column--value\">S\u00ed<\/span><\/td>\n<\/tr>\n<\/tbody>\n<\/table>\n<\/div>\n<div class=\"ui-vpp-striped-specs__table\">\n<h3 class=\"ui-vpp-striped-specs__header\">Otros<\/h3>\n<table class=\"andes-table\">\n<tbody class=\"andes-table__body\">\n<tr class=\"andes-table__row ui-vpp-striped-specs__row\">\n<th class=\"andes-table__header andes-table__header--left ui-vpp-striped-specs__row__column ui-vpp-striped-specs__row__column--id\" scope=\"row\">\n<div class=\"andes-table__header__container\">Porcentaje de prote\u00edna bruta<\/div>\n<\/th>\n<td id=\"_R_2jtpe8l69tb6e_\" class=\"andes-table__column andes-table__column--left andes-table__column--vertical-align-center ui-vpp-striped-specs__row__column\"><span id=\"_R_2jtpe8l69tb6e_-value\" class=\"andes-table__column--value\">24 %<\/span><\/td>\n<\/tr>\n<\/tbody>\n<\/table>\n<\/div>\n<\/div>","protected":false},"featured_media":2419,"comment_status":"open","ping_status":"closed","template":"","meta":{"_uf_show_specific_survey":0,"_uf_disable_surveys":false,"jetpack_publicize_message":"","jetpack_publicize_feature_enabled":true,"jetpack_social_post_already_shared":true,"jetpack_social_options":{"image_generator_settings":{"template":"highway","default_image_id":0,"font":"","enabled":false},"version":2}},"product_brand":[218],"product_cat":[65,17,108],"product_tag":[219,220],"class_list":{"0":"post-2417","1":"product","2":"type-product","3":"status-publish","4":"has-post-thumbnail","6":"product_brand-natural-dog","7":"product_cat-adulto","8":"product_cat-alimentnos","9":"product_cat-perro","10":"product_tag-animales-y-mascotasperrosalimento","11":"product_tag-premios-y-suplementoalimentos","12":"product_shipping_class-evvios-por-empresas","14":"first","15":"instock","16":"shipping-taxable","17":"purchasable","18":"product-type-simple"},"jetpack_publicize_connections":[],"jetpack_sharing_enabled":true,"jetpack_likes_enabled":true,"_links":{"self":[{"href":"https:\/\/uruguaymascotassanas.uy\/es_uy\/wp-json\/wp\/v2\/product\/2417","targetHints":{"allow":["GET"]}}],"collection":[{"href":"https:\/\/uruguaymascotassanas.uy\/es_uy\/wp-json\/wp\/v2\/product"}],"about":[{"href":"https:\/\/uruguaymascotassanas.uy\/es_uy\/wp-json\/wp\/v2\/types\/product"}],"replies":[{"embeddable":true,"href":"https:\/\/uruguaymascotassanas.uy\/es_uy\/wp-json\/wp\/v2\/comments?post=2417"}],"wp:featuredmedia":[{"embeddable":true,"href":"https:\/\/uruguaymascotassanas.uy\/es_uy\/wp-json\/wp\/v2\/media\/2419"}],"wp:attachment":[{"href":"https:\/\/uruguaymascotassanas.uy\/es_uy\/wp-json\/wp\/v2\/media?parent=2417"}],"wp:term":[{"taxonomy":"product_brand","embeddable":true,"href":"https:\/\/uruguaymascotassanas.uy\/es_uy\/wp-json\/wp\/v2\/product_brand?post=2417"},{"taxonomy":"product_cat","embeddable":true,"href":"https:\/\/uruguaymascotassanas.uy\/es_uy\/wp-json\/wp\/v2\/product_cat?post=2417"},{"taxonomy":"product_tag","embeddable":true,"href":"https:\/\/uruguaymascotassanas.uy\/es_uy\/wp-json\/wp\/v2\/product_tag?post=2417"}],"curies":[{"name":"wp","href":"https:\/\/api.w.org\/{rel}","templated":true}]}}